{"id":355,"date":"2022-07-23T15:27:34","date_gmt":"2022-07-23T15:27:34","guid":{"rendered":"https:\/\/koverbond.com\/?page_id=355"},"modified":"2022-11-02T16:53:05","modified_gmt":"2022-11-02T16:53:05","slug":"plasti-hair","status":"publish","type":"page","link":"https:\/\/koverbond.com\/en\/plasti-hair\/","title":{"rendered":"PLASTI-HAIR"},"content":{"rendered":"<div class=\"vce-row-container\" data-vce-boxed-width=\"true\"><div class=\"vce-row vce-row--col-gap-30 vce-row-equal-height vce-row-content--top\" id=\"el-be7cec94\" data-vce-do-apply=\"all el-be7cec94\"><div class=\"vce-row-content\" data-vce-element-content=\"true\"><div class=\"vce-col vce-col--md-auto vce-col--xs-1 vce-col--xs-last vce-col--xs-first vce-col--sm-last vce-col--sm-first vce-col--md-last vce-col--lg-last vce-col--xl-last vce-col--md-first vce-col--lg-first vce-col--xl-first\" id=\"el-18d30546\"><div class=\"vce-col-inner\" data-vce-do-apply=\"border margin background  el-18d30546\"><div class=\"vce-col-content\" data-vce-element-content=\"true\" data-vce-do-apply=\"padding el-18d30546\"><div class=\"vce-text-block\"><div class=\"vce-text-block-wrapper vce\" id=\"el-ca1a5781\" data-vce-do-apply=\"all el-ca1a5781\">\n<h3 style=\"text-align: center;\"><strong>Pasta Reparadora para Facias y Pl\u00e1sticos<\/strong><\/h3>\n<\/div><\/div><\/div><\/div><\/div><\/div><\/div><\/div><div class=\"vce-row-container\" data-vce-boxed-width=\"true\"><div class=\"vce-row vce-row--col-gap-30 vce-row-equal-height vce-row-content--top\" id=\"el-f2c16429\" data-vce-do-apply=\"all el-f2c16429\"><div class=\"vce-row-content\" data-vce-element-content=\"true\"><div class=\"vce-col vce-col--md-auto vce-col--xs-1 vce-col--xs-last vce-col--xs-first vce-col--sm-last vce-col--sm-first vce-col--md-first vce-col--lg-first vce-col--xl-first\" id=\"el-4f0460d6\"><div class=\"vce-col-inner\" data-vce-do-apply=\"border margin background  el-4f0460d6\"><div class=\"vce-col-content\" data-vce-element-content=\"true\" data-vce-do-apply=\"padding el-4f0460d6\"><div class=\"vce-single-image-container vce-single-image--align-center\"><div class=\"vce vce-single-image-wrapper\" id=\"el-7ef21685\" data-vce-do-apply=\"all el-7ef21685\"><figure><div class=\"vce-single-image-figure-inner\" style=\"width: 1024px;\"><div class=\"vce-single-image-inner vce-single-image--absolute\" style=\"width: 100%; padding-bottom: 100%;\"><img fetchpriority=\"high\" decoding=\"async\" class=\"vce-single-image\"  width=\"1024\" height=\"1024\" srcset=\"https:\/\/koverbond.com\/wp-content\/uploads\/2022\/07\/PLASTI-HAIR_05_1-1024x1024.jpg 1024w, https:\/\/koverbond.com\/wp-content\/uploads\/2022\/07\/PLASTI-HAIR_05_1-320x320.jpg 320w, https:\/\/koverbond.com\/wp-content\/uploads\/2022\/07\/PLASTI-HAIR_05_1-480x480.jpg 480w, https:\/\/koverbond.com\/wp-content\/uploads\/2022\/07\/PLASTI-HAIR_05_1-800x800.jpg 800w\" src=\"https:\/\/koverbond.com\/wp-content\/uploads\/2022\/07\/PLASTI-HAIR_05_1-1024x1024.jpg\" data-img-src=\"https:\/\/koverbond.com\/wp-content\/uploads\/2022\/07\/PLASTI-HAIR_05_1.jpg\" data-attachment-id=\"330\"  alt=\"\" title=\"PLASTI-HAIR_05_1\" \/><\/div><\/div><figcaption>PLASTI-HIAR\nRepair Body Filler for Bumpers and Plastics<\/figcaption><\/figure><\/div><\/div><\/div><\/div><\/div><div class=\"vce-col vce-col--md-auto vce-col--xs-1 vce-col--xs-last vce-col--xs-first vce-col--sm-last vce-col--sm-first vce-col--md-last vce-col--lg-last vce-col--xl-last\" id=\"el-206d4123\"><div class=\"vce-col-inner\" data-vce-do-apply=\"border margin background  el-206d4123\"><div class=\"vce-col-content\" data-vce-element-content=\"true\" data-vce-do-apply=\"padding el-206d4123\"><div class=\"vce-text-block\"><div class=\"vce-text-block-wrapper vce\" id=\"el-820170f7\" data-vce-do-apply=\"all el-820170f7\"><h2 style=\"text-align: center;\">PLASTI-HAIR ofrece:<\/h2>\n<p><span style=\"font-family: arial, helvetica, sans-serif;\">+Excelente adherencia a facias, autopartes pl\u00e1sticas y SMC.<\/span><br><br><span style=\"font-family: arial, helvetica, sans-serif;\">+Excelente resistencia al impacto.<\/span><br><br><span style=\"font-family: arial, helvetica, sans-serif;\">+Excelente refuerzo basado en una cuidadosa selecci\u00f3n de fibras de ingenier\u00eda.<\/span><br><br><span style=\"font-family: arial, helvetica, sans-serif;\">+Suavidad al lijado y no se recorre al lijar.<\/span><br><br><span style=\"font-family: arial, helvetica, sans-serif;\">+R\u00e1pido tiempo de secado y curado (20 a 30 min.). *2-3% dependiendo de la temperatura (calor 2%, fr\u00edo 3%).<\/span><br><br><span style=\"font-family: arial, helvetica, sans-serif;\">+Excelente maquinabilidad (puede ser cortado, taladrado, torneado).<\/span><br><br><span style=\"font-family: arial, helvetica, sans-serif;\">+Alta resistencia a la tensi\u00f3n y comprensi\u00f3n.<\/span><br><br><span style=\"font-family: arial, helvetica, sans-serif;\">+Propiedades de pl\u00e1stico reforzado.<\/span><br><br><span style=\"font-family: arial, helvetica, sans-serif;\">+Plasticidad que soporta las vibraciones naturales.<\/span><\/p><\/div><\/div><\/div><\/div><\/div><\/div><\/div><\/div><div class=\"vce-row-container\" data-vce-boxed-width=\"true\"><div class=\"vce-row vce-row--col-gap-30 vce-row-equal-height vce-row-content--top\" id=\"el-44358767\" data-vce-do-apply=\"all el-44358767\"><div class=\"vce-row-content\" data-vce-element-content=\"true\"><div class=\"vce-col vce-col--md-auto vce-col--xs-1 vce-col--xs-last vce-col--xs-first vce-col--sm-last vce-col--sm-first vce-col--md-last vce-col--lg-last vce-col--xl-last vce-col--md-first vce-col--lg-first vce-col--xl-first\" id=\"el-05248780\"><div class=\"vce-col-inner\" data-vce-do-apply=\"border margin background  el-05248780\"><div class=\"vce-col-content\" data-vce-element-content=\"true\" data-vce-do-apply=\"padding el-05248780\"><div class=\"vce vce-separator-container vce-separator--align-center vce-separator--style-shadow\" id=\"el-38eb765c\" data-vce-do-apply=\"margin el-38eb765c\"><div class=\"vce-separator vce-separator--color-bfc0c1 vce-separator--width-100 vce-separator--thickness-5\" data-vce-do-apply=\"border padding background  el-38eb765c\"><div class=\"vce-separator-shadow vce-separator-shadow-left\"><\/div><div class=\"vce-separator-shadow vce-separator-shadow-right\"><\/div><\/div><\/div><div class=\"vce-text-block\"><div class=\"vce-text-block-wrapper vce\" id=\"el-6f51681b\" data-vce-do-apply=\"all el-6f51681b\"><h2 style=\"text-align: center;\">Mira al PLASTI-HAIR en acci\u00f3n<\/h2><\/div><\/div><\/div><\/div><\/div><\/div><\/div><\/div><div class=\"vce-row-container\" data-vce-boxed-width=\"true\"><div class=\"vce-row vce-row--col-gap-30 vce-row-equal-height vce-row-content--top\" id=\"el-5d8e9092\" data-vce-do-apply=\"all el-5d8e9092\"><div class=\"vce-row-content\" data-vce-element-content=\"true\"><div class=\"vce-col vce-col--md-auto vce-col--xs-1 vce-col--xs-last vce-col--xs-first vce-col--sm-last vce-col--sm-first vce-col--md-first vce-col--lg-first vce-col--xl-first\" id=\"el-9b520fd0\"><div class=\"vce-col-inner\" data-vce-do-apply=\"border margin background  el-9b520fd0\"><div class=\"vce-col-content\" data-vce-element-content=\"true\" data-vce-do-apply=\"padding el-9b520fd0\"><div class=\"vce-yt-video-player vce-yt-video-player--align-left vce-yt-video-player--size-560x315\"><div class=\"vce vce-yt-video-player-wrapper\" id=\"el-e9098247\" data-vce-do-apply=\"all el-e9098247\" style=\"width: 560px;\"><div class=\"vce-yt-video-player-inner\"><iframe class=\"vce-yt-video-player-iframe\" src=\"https:\/\/www.youtube.com\/embed\/K-p7gH0VInk?autoplay=0&amp;mute=0&amp;color=red&amp;controls=1&amp;loop=0&amp;rel=0&amp;start=0&amp;cc_load_policy=0&amp;iv_load_policy=3&amp;enablejsapi=1\" width=\"640\" height=\"390\" allowfullscreen=\"\" title=\"YouTube video\"><\/iframe><\/div><\/div><\/div><\/div><\/div><\/div><div class=\"vce-col vce-col--md-auto vce-col--xs-1 vce-col--xs-last vce-col--xs-first vce-col--sm-last vce-col--sm-first\" id=\"el-e2e0a1ce\"><div class=\"vce-col-inner\" data-vce-do-apply=\"border margin background  el-e2e0a1ce\"><div class=\"vce-col-content\" data-vce-element-content=\"true\" data-vce-do-apply=\"padding el-e2e0a1ce\"><div class=\"vce-yt-video-player vce-yt-video-player--align-left vce-yt-video-player--size-560x315\"><div class=\"vce vce-yt-video-player-wrapper\" id=\"el-e82453f6\" data-vce-do-apply=\"all el-e82453f6\" style=\"width: 560px;\"><div class=\"vce-yt-video-player-inner\"><iframe class=\"vce-yt-video-player-iframe\" src=\"https:\/\/www.youtube.com\/embed\/1ilnRIALYag?autoplay=0&amp;mute=0&amp;color=red&amp;controls=1&amp;loop=0&amp;rel=0&amp;start=0&amp;cc_load_policy=0&amp;iv_load_policy=3&amp;enablejsapi=1\" width=\"640\" height=\"390\" allowfullscreen=\"\" title=\"YouTube video\"><\/iframe><\/div><\/div><\/div><\/div><\/div><\/div><div class=\"vce-col vce-col--md-auto vce-col--xs-1 vce-col--xs-last vce-col--xs-first vce-col--sm-last vce-col--sm-first vce-col--md-last vce-col--lg-last vce-col--xl-last\" id=\"el-826e67e3\"><div class=\"vce-col-inner\" data-vce-do-apply=\"border margin background  el-826e67e3\"><div class=\"vce-col-content\" data-vce-element-content=\"true\" data-vce-do-apply=\"padding el-826e67e3\"><div class=\"vce-yt-video-player vce-yt-video-player--align-left vce-yt-video-player--size-560x315\"><div class=\"vce vce-yt-video-player-wrapper\" id=\"el-946706ac\" data-vce-do-apply=\"all el-946706ac\" style=\"width: 560px;\"><div class=\"vce-yt-video-player-inner\"><iframe class=\"vce-yt-video-player-iframe\" src=\"https:\/\/www.youtube.com\/embed\/5xwPk5DKDdQ?autoplay=0&amp;mute=0&amp;color=red&amp;controls=1&amp;loop=0&amp;rel=0&amp;start=0&amp;cc_load_policy=0&amp;iv_load_policy=3&amp;enablejsapi=1\" width=\"640\" height=\"390\" allowfullscreen=\"\" title=\"YouTube video\"><\/iframe><\/div><\/div><\/div><\/div><\/div><\/div><\/div><\/div><\/div><div class=\"vce-row-container\" data-vce-boxed-width=\"true\"><div class=\"vce-row vce-row--col-gap-30 vce-row-equal-height vce-row-content--top\" id=\"el-2fc94cb0\" data-vce-do-apply=\"all el-2fc94cb0\"><div class=\"vce-row-content\" data-vce-element-content=\"true\"><div class=\"vce-col vce-col--md-auto vce-col--xs-1 vce-col--xs-last vce-col--xs-first vce-col--sm-last vce-col--sm-first vce-col--md-last vce-col--lg-last vce-col--xl-last vce-col--md-first vce-col--lg-first vce-col--xl-first\" id=\"el-28bac8ad\"><div class=\"vce-col-inner\" data-vce-do-apply=\"border margin background  el-28bac8ad\"><div class=\"vce-col-content\" data-vce-element-content=\"true\" data-vce-do-apply=\"padding el-28bac8ad\"><div class=\"vce-text-block\"><div class=\"vce-text-block-wrapper vce\" id=\"el-01113581\" data-vce-do-apply=\"all el-01113581\"><h2 style=\"text-align: center;\">Descarga la ficha t\u00e9cnica<\/h2><\/div><\/div><div class=\"vce-features vce-var-icon vce-features--style-filled-circle vce-features--size-large\" style=\"--text-align:center; --iconColor:#fff; --iconColorHover:#fff; --shapeColor:rgb(255, 105, 0); --shapeColorHover:rgb(255, 105, 0); --linkColorHover:rgb(228,94,0);\"><div id=\"el-c29504fe\" class=\"vce vce-features-icon-wrapper\" data-vce-do-apply=\"all el-c29504fe\"><a class=\"vce-features--icon vce-icon\" href=\"https:\/\/koverbond.com\/wp-content\/uploads\/2022\/07\/FichaTecnicaPLASTI-HAIR.pdf\" title=\"\" target=\"_blank\" rel=\"noopener\"><svg xmlns=\"https:\/\/www.w3.org\/2000\/svg\" viewbox=\"0 0 769 769\"><path stroke-width=\"25\" d=\"M565.755 696.27h-360l-180-311.77 180-311.77h360l180 311.77z\"><\/path><\/svg><span class=\"vce-icon-container fas fa-file-alt\"><\/span><\/a><\/div><\/div><\/div><\/div><\/div><\/div><\/div><\/div>","protected":false},"excerpt":{"rendered":"<p>Pasta Reparadora para Facias y Pl\u00e1sticos PLASTI-HAIR Reparador para Facias y Pl\u00e1sticosPLASTI-HAIR ofrece: +Excelente adherencia a facias, autopartes pl\u00e1sticas y SMC.+Excelente resistencia al impacto.+Excelente refuerzo basado en una cuidadosa selecci\u00f3n de fibras de ingenier\u00eda.+Suavidad al lijado y no se recorre al lijar.+R\u00e1pido tiempo de secado y curado (20 a 30 min.). *2-3% dependiendo de la [&hellip;]<\/p>","protected":false},"author":1,"featured_media":0,"parent":0,"menu_order":0,"comment_status":"closed","ping_status":"closed","template":"templates\/template-full-width.php","meta":{"om_disable_all_campaigns":false,"_monsterinsights_skip_tracking":false,"_monsterinsights_sitenote_active":false,"_monsterinsights_sitenote_note":"","_monsterinsights_sitenote_category":0,"footnotes":""},"class_list":["post-355","page","type-page","status-publish","hentry"],"aioseo_notices":[],"_links":{"self":[{"href":"https:\/\/koverbond.com\/en\/wp-json\/wp\/v2\/pages\/355","targetHints":{"allow":["GET"]}}],"collection":[{"href":"https:\/\/koverbond.com\/en\/wp-json\/wp\/v2\/pages"}],"about":[{"href":"https:\/\/koverbond.com\/en\/wp-json\/wp\/v2\/types\/page"}],"author":[{"embeddable":true,"href":"https:\/\/koverbond.com\/en\/wp-json\/wp\/v2\/users\/1"}],"replies":[{"embeddable":true,"href":"https:\/\/koverbond.com\/en\/wp-json\/wp\/v2\/comments?post=355"}],"version-history":[{"count":7,"href":"https:\/\/koverbond.com\/en\/wp-json\/wp\/v2\/pages\/355\/revisions"}],"predecessor-version":[{"id":462,"href":"https:\/\/koverbond.com\/en\/wp-json\/wp\/v2\/pages\/355\/revisions\/462"}],"wp:attachment":[{"href":"https:\/\/koverbond.com\/en\/wp-json\/wp\/v2\/media?parent=355"}],"curies":[{"name":"wp","href":"https:\/\/api.w.org\/{rel}","templated":true}]}}