{"id":362,"date":"2022-07-23T16:38:29","date_gmt":"2022-07-23T16:38:29","guid":{"rendered":"https:\/\/koverbond.com\/?page_id=362"},"modified":"2022-08-26T19:35:37","modified_gmt":"2022-08-26T19:35:37","slug":"k-bond","status":"publish","type":"page","link":"https:\/\/koverbond.com\/en\/k-bond\/","title":{"rendered":"K-BOND"},"content":{"rendered":"<div class=\"vce-row-container\" data-vce-boxed-width=\"true\"><div class=\"vce-row vce-row--col-gap-30 vce-row-equal-height vce-row-content--top\" id=\"el-edd6ddae\" data-vce-do-apply=\"all el-edd6ddae\"><div class=\"vce-row-content\" data-vce-element-content=\"true\"><div class=\"vce-col vce-col--md-auto vce-col--xs-1 vce-col--xs-last vce-col--xs-first vce-col--sm-last vce-col--sm-first vce-col--md-last vce-col--lg-last vce-col--xl-last vce-col--md-first vce-col--lg-first vce-col--xl-first\" id=\"el-38b046d1\"><div class=\"vce-col-inner\" data-vce-do-apply=\"border margin background  el-38b046d1\"><div class=\"vce-col-content\" data-vce-element-content=\"true\" data-vce-do-apply=\"padding el-38b046d1\"><div class=\"vce-text-block\"><div class=\"vce-text-block-wrapper vce\" id=\"el-381b518b\" data-vce-do-apply=\"all el-381b518b\"><h2 style=\"text-align: center;\">Pasta Resanadora para Facias y Pl\u00e1sticos<\/h2><\/div><\/div><\/div><\/div><\/div><\/div><\/div><\/div><div class=\"vce-row-container\" data-vce-boxed-width=\"true\"><div class=\"vce-row vce-row--col-gap-30 vce-row-equal-height vce-row-content--top\" id=\"el-bd550dca\" data-vce-do-apply=\"all el-bd550dca\"><div class=\"vce-row-content\" data-vce-element-content=\"true\"><div class=\"vce-col vce-col--md-auto vce-col--xs-1 vce-col--xs-last vce-col--xs-first vce-col--sm-last vce-col--sm-first vce-col--md-first vce-col--lg-first vce-col--xl-first\" id=\"el-84e2904d\"><div class=\"vce-col-inner\" data-vce-do-apply=\"border margin background  el-84e2904d\"><div class=\"vce-col-content\" data-vce-element-content=\"true\" data-vce-do-apply=\"padding el-84e2904d\"><div class=\"vce-text-block\"><div class=\"vce-text-block-wrapper vce\" id=\"el-3a11cafc\" data-vce-do-apply=\"all el-3a11cafc\"><h2 style=\"text-align: center;\"><span style=\"font-family: arial, helvetica, sans-serif;\">K-BOND ofrece<\/span><\/h2><p><span style=\"font-family: arial, helvetica, sans-serif;\">+Excelente suavidad al lijado<\/span><\/p><p><span style=\"font-family: arial, helvetica, sans-serif;\">+Resistencia al agrietamiento. K-BOND es <\/span><br><span style=\"font-family: arial, helvetica, sans-serif;\">&nbsp; &nbsp;semi-flexible<\/span><\/p><p><span style=\"font-family: arial, helvetica, sans-serif;\">+Compatibilidad con otros pl\u00e1sticos<\/span><\/p><p><span style=\"font-family: arial, helvetica, sans-serif;\">+Tono gris medio f\u00e1cil de cubrir con fondo y<\/span><br><span style=\"font-family: arial, helvetica, sans-serif;\">&nbsp; que evita el sangrado.<\/span><\/p><p><span style=\"font-family: arial, helvetica, sans-serif;\">+Excelente adherencia a superficies pl\u00e1sticas<\/span><br><span style=\"font-family: arial, helvetica, sans-serif;\">&nbsp; (sin necesidad de promotores de adherencia)<\/span><\/p><p><span style=\"font-family: arial, helvetica, sans-serif;\">+R\u00e1pido tiempo de secado y curado (20 a 30<\/span><br><span style=\"font-family: arial, helvetica, sans-serif;\">&nbsp; min.) *2-3% dependiendo de la temperatura<\/span><br><span style=\"font-family: arial, helvetica, sans-serif;\">&nbsp; (calor 2%, fr\u00edo 3%)<\/span><\/p><p><span style=\"font-family: arial, helvetica, sans-serif;\">+Plasticidad que soporta las vibraciones naturales<\/span><\/p><\/div><\/div><\/div><\/div><\/div><div class=\"vce-col vce-col--md-auto vce-col--xs-1 vce-col--xs-last vce-col--xs-first vce-col--sm-last vce-col--sm-first vce-col--md-last vce-col--lg-last vce-col--xl-last\" id=\"el-5bb83033\"><div class=\"vce-col-inner\" data-vce-do-apply=\"border margin background  el-5bb83033\"><div class=\"vce-col-content\" data-vce-element-content=\"true\" data-vce-do-apply=\"padding el-5bb83033\"><div class=\"vce-single-image-container vce-single-image--align-center\"><div class=\"vce vce-single-image-wrapper\" id=\"el-699d13dd\" data-vce-do-apply=\"all el-699d13dd\"><figure><div class=\"vce-single-image-figure-inner\" style=\"width: 1024px;\"><div class=\"vce-single-image-inner vce-single-image--absolute\" style=\"width: 100%; padding-bottom: 100%;\"><img fetchpriority=\"high\" decoding=\"async\" class=\"vce-single-image\"  width=\"1024\" height=\"1024\" srcset=\"https:\/\/koverbond.com\/wp-content\/uploads\/2022\/07\/K-BOND_05_1-1024x1024.jpg 1024w, https:\/\/koverbond.com\/wp-content\/uploads\/2022\/07\/K-BOND_05_1-320x320.jpg 320w, https:\/\/koverbond.com\/wp-content\/uploads\/2022\/07\/K-BOND_05_1-480x480.jpg 480w, https:\/\/koverbond.com\/wp-content\/uploads\/2022\/07\/K-BOND_05_1-800x800.jpg 800w\" src=\"https:\/\/koverbond.com\/wp-content\/uploads\/2022\/07\/K-BOND_05_1-1024x1024.jpg\" data-img-src=\"https:\/\/koverbond.com\/wp-content\/uploads\/2022\/07\/K-BOND_05_1.jpg\" data-attachment-id=\"332\"  alt=\"\" title=\"K-BOND_05_1\" \/><\/div><\/div><figcaption>Body filler for Bumpers and Plastics<\/figcaption><\/figure><\/div><\/div><\/div><\/div><\/div><\/div><\/div><\/div><div class=\"vce-row-container\" data-vce-boxed-width=\"true\"><div class=\"vce-row vce-row--col-gap-30 vce-row-equal-height vce-row-content--top\" id=\"el-cae71050\" data-vce-do-apply=\"all el-cae71050\"><div class=\"vce-row-content\" data-vce-element-content=\"true\"><div class=\"vce-col vce-col--md-auto vce-col--xs-1 vce-col--xs-last vce-col--xs-first vce-col--sm-last vce-col--sm-first vce-col--md-last vce-col--lg-last vce-col--xl-last vce-col--md-first vce-col--lg-first vce-col--xl-first\" id=\"el-eb807f97\"><div class=\"vce-col-inner\" data-vce-do-apply=\"border margin background  el-eb807f97\"><div class=\"vce-col-content\" data-vce-element-content=\"true\" data-vce-do-apply=\"padding el-eb807f97\"><div class=\"vce vce-separator-container vce-separator--align-center vce-separator--style-shadow\" id=\"el-8b3d231c\" data-vce-do-apply=\"margin el-8b3d231c\"><div class=\"vce-separator vce-separator--color-bfc0c1 vce-separator--width-100 vce-separator--thickness-5\" data-vce-do-apply=\"border padding background  el-8b3d231c\"><div class=\"vce-separator-shadow vce-separator-shadow-left\"><\/div><div class=\"vce-separator-shadow vce-separator-shadow-right\"><\/div><\/div><\/div><div class=\"vce-text-block\"><div class=\"vce-text-block-wrapper vce\" id=\"el-3d62f53e\" data-vce-do-apply=\"all el-3d62f53e\"><h2 style=\"text-align: center;\">Mira al K-BOND en acci\u00f3n<\/h2><p>&nbsp;<\/p><\/div><\/div><\/div><\/div><\/div><\/div><\/div><\/div><div class=\"vce-row-container\" data-vce-boxed-width=\"true\"><div class=\"vce-row vce-row--col-gap-30 vce-row-equal-height vce-row-content--top\" id=\"el-dd635263\" data-vce-do-apply=\"all el-dd635263\"><div class=\"vce-row-content\" data-vce-element-content=\"true\"><div class=\"vce-col vce-col--md-auto vce-col--xs-1 vce-col--xs-last vce-col--xs-first vce-col--sm-last vce-col--sm-first vce-col--md-first vce-col--lg-first vce-col--xl-first\" id=\"el-efbe9d51\"><div class=\"vce-col-inner\" data-vce-do-apply=\"border margin background  el-efbe9d51\"><div class=\"vce-col-content\" data-vce-element-content=\"true\" data-vce-do-apply=\"padding el-efbe9d51\"><div class=\"vce-yt-video-player vce-yt-video-player--align-left vce-yt-video-player--size-560x315\"><div class=\"vce vce-yt-video-player-wrapper\" id=\"el-500a94c1\" data-vce-do-apply=\"all el-500a94c1\" style=\"width: 560px;\"><div class=\"vce-yt-video-player-inner\"><iframe class=\"vce-yt-video-player-iframe\" src=\"https:\/\/www.youtube.com\/embed\/7a8E8W4jPYc?autoplay=0&amp;mute=0&amp;color=red&amp;controls=1&amp;loop=0&amp;rel=0&amp;start=0&amp;cc_load_policy=0&amp;iv_load_policy=3&amp;enablejsapi=1\" width=\"640\" height=\"390\" allowfullscreen=\"\" title=\"YouTube video\"><\/iframe><\/div><\/div><\/div><\/div><\/div><\/div><div class=\"vce-col vce-col--md-auto vce-col--xs-1 vce-col--xs-last vce-col--xs-first vce-col--sm-last vce-col--sm-first\" id=\"el-d6e24e6a\"><div class=\"vce-col-inner\" data-vce-do-apply=\"border margin background  el-d6e24e6a\"><div class=\"vce-col-content\" data-vce-element-content=\"true\" data-vce-do-apply=\"padding el-d6e24e6a\"><div class=\"vce-yt-video-player vce-yt-video-player--align-left vce-yt-video-player--size-560x315\"><div class=\"vce vce-yt-video-player-wrapper\" id=\"el-e67034d8\" data-vce-do-apply=\"all el-e67034d8\" style=\"width: 560px;\"><div class=\"vce-yt-video-player-inner\"><iframe class=\"vce-yt-video-player-iframe\" src=\"https:\/\/www.youtube.com\/embed\/PGEmAg1OeDs?autoplay=0&amp;mute=0&amp;color=red&amp;controls=1&amp;loop=0&amp;rel=0&amp;start=0&amp;cc_load_policy=0&amp;iv_load_policy=3&amp;enablejsapi=1\" width=\"640\" height=\"390\" allowfullscreen=\"\" title=\"YouTube video\"><\/iframe><\/div><\/div><\/div><\/div><\/div><\/div><div class=\"vce-col vce-col--md-auto vce-col--xs-1 vce-col--xs-last vce-col--xs-first vce-col--sm-last vce-col--sm-first vce-col--md-last vce-col--lg-last vce-col--xl-last\" id=\"el-50f9239f\"><div class=\"vce-col-inner\" data-vce-do-apply=\"border margin background  el-50f9239f\"><div class=\"vce-col-content\" data-vce-element-content=\"true\" data-vce-do-apply=\"padding el-50f9239f\"><div class=\"vce-yt-video-player vce-yt-video-player--align-left vce-yt-video-player--size-560x315\"><div class=\"vce vce-yt-video-player-wrapper\" id=\"el-4c421850\" data-vce-do-apply=\"all el-4c421850\" style=\"width: 560px;\"><div class=\"vce-yt-video-player-inner\"><iframe class=\"vce-yt-video-player-iframe\" src=\"https:\/\/www.youtube.com\/embed\/1ilnRIALYag?autoplay=0&amp;mute=0&amp;color=red&amp;controls=1&amp;loop=0&amp;rel=0&amp;start=0&amp;cc_load_policy=0&amp;iv_load_policy=3&amp;enablejsapi=1\" width=\"640\" height=\"390\" allowfullscreen=\"\" title=\"YouTube video\"><\/iframe><\/div><\/div><\/div><\/div><\/div><\/div><\/div><\/div><\/div><div class=\"vce-row-container\" data-vce-boxed-width=\"true\"><div class=\"vce-row vce-row--col-gap-30 vce-row-equal-height vce-row-content--top\" id=\"el-194d01dd\" data-vce-do-apply=\"all el-194d01dd\"><div class=\"vce-row-content\" data-vce-element-content=\"true\"><div class=\"vce-col vce-col--md-auto vce-col--xs-1 vce-col--xs-last vce-col--xs-first vce-col--sm-last vce-col--sm-first vce-col--md-last vce-col--lg-last vce-col--xl-last vce-col--md-first vce-col--lg-first vce-col--xl-first\" id=\"el-ca3056b2\"><div class=\"vce-col-inner\" data-vce-do-apply=\"border margin background  el-ca3056b2\"><div class=\"vce-col-content\" data-vce-element-content=\"true\" data-vce-do-apply=\"padding el-ca3056b2\"><div class=\"vce vce-separator-container vce-separator--align-center vce-separator--style-shadow\" id=\"el-4131246b\" data-vce-do-apply=\"margin el-4131246b\"><div class=\"vce-separator vce-separator--color-bfc0c1 vce-separator--width-100 vce-separator--thickness-5\" data-vce-do-apply=\"border padding background  el-4131246b\"><div class=\"vce-separator-shadow vce-separator-shadow-left\"><\/div><div class=\"vce-separator-shadow vce-separator-shadow-right\"><\/div><\/div><\/div><\/div><\/div><\/div><\/div><\/div><\/div><div class=\"vce-row-container\" data-vce-boxed-width=\"true\"><div class=\"vce-row vce-row--col-gap-30 vce-row-equal-height vce-row-content--top\" id=\"el-30e20185\" data-vce-do-apply=\"all el-30e20185\"><div class=\"vce-row-content\" data-vce-element-content=\"true\"><div class=\"vce-col vce-col--md-auto vce-col--xs-1 vce-col--xs-last vce-col--xs-first vce-col--sm-last vce-col--sm-first vce-col--md-first vce-col--lg-first vce-col--xl-first\" id=\"el-04e12414\"><div class=\"vce-col-inner\" data-vce-do-apply=\"border margin background  el-04e12414\"><div class=\"vce-col-content\" data-vce-element-content=\"true\" data-vce-do-apply=\"padding el-04e12414\"><div class=\"vce-text-block\"><div class=\"vce-text-block-wrapper vce\" id=\"el-3f542810\" data-vce-do-apply=\"all el-3f542810\"><h3 style=\"text-align: center;\"><span style=\"font-size: 36pt; font-family: arial, helvetica, sans-serif;\">Descarga la <br><\/span><span style=\"font-size: 36pt; font-family: arial, helvetica, sans-serif;\">ficha t\u00e9cnica<\/span><\/h3><\/div><\/div><div class=\"vce-features vce-var-icon vce-features--style-filled-circle vce-features--size-large\" style=\"--text-align:center; --iconColor:#fff; --iconColorHover:#fff; --shapeColor:rgb(255, 105, 0); --shapeColorHover:rgb(255, 105, 0); --linkColorHover:rgb(228,94,0);\"><div id=\"el-08290c51\" class=\"vce vce-features-icon-wrapper\" data-vce-do-apply=\"all el-08290c51\"><a class=\"vce-features--icon vce-icon\" href=\"https:\/\/koverbond.com\/wp-content\/uploads\/2022\/08\/FichaTecnica_K-BOND.pdf\" title=\"\" target=\"_blank\" rel=\"noopener\"><svg xmlns=\"https:\/\/www.w3.org\/2000\/svg\" viewbox=\"0 0 769 769\"><path stroke-width=\"25\" d=\"M565.755 696.27h-360l-180-311.77 180-311.77h360l180 311.77z\"><\/path><\/svg><span class=\"vce-icon-container fas fa-file-alt\"><\/span><\/a><\/div><\/div><\/div><\/div><\/div><div class=\"vce-col vce-col--md-auto vce-col--xs-1 vce-col--xs-last vce-col--xs-first vce-col--sm-last vce-col--sm-first vce-col--md-last vce-col--lg-last vce-col--xl-last\" id=\"el-3824ccc0\"><div class=\"vce-col-inner\" data-vce-do-apply=\"border margin background  el-3824ccc0\"><div class=\"vce-col-content\" data-vce-element-content=\"true\" data-vce-do-apply=\"padding el-3824ccc0\"><div class=\"vce-text-block\"><div class=\"vce-text-block-wrapper vce\" id=\"el-40c0e3c2\" data-vce-do-apply=\"all el-40c0e3c2\"><h3 style=\"text-align: center;\"><span style=\"font-size: 36pt; font-family: arial, helvetica, sans-serif;\">Descarga la hoja de seguridad<\/span><\/h3><\/div><\/div><div class=\"vce-features vce-var-icon vce-features--style-filled-circle vce-features--size-large\" style=\"--text-align:center; --iconColor:#fff; --iconColorHover:#fff; --shapeColor:rgb(255, 105, 0); --shapeColorHover:rgb(255, 105, 0); --linkColorHover:rgb(228,94,0);\"><div id=\"el-03285628\" class=\"vce vce-features-icon-wrapper\" data-vce-do-apply=\"all el-03285628\"><a class=\"vce-features--icon vce-icon\" href=\"https:\/\/koverbond.com\/wp-content\/uploads\/2022\/08\/HDS_K-BOND.pdf\" title=\"\" target=\"_blank\" rel=\"noopener\"><svg xmlns=\"https:\/\/www.w3.org\/2000\/svg\" viewbox=\"0 0 769 769\"><path stroke-width=\"25\" d=\"M565.755 696.27h-360l-180-311.77 180-311.77h360l180 311.77z\"><\/path><\/svg><span class=\"vce-icon-container fas fa-file-alt\"><\/span><\/a><\/div><\/div><\/div><\/div><\/div><\/div><\/div><\/div>","protected":false},"excerpt":{"rendered":"<p>Pasta Resanadora para Facias y Pl\u00e1sticosK-BOND ofrece+Excelente suavidad al lijado+Resistencia al agrietamiento. K-BOND es &nbsp; &nbsp;semi-flexible+Compatibilidad con otros pl\u00e1sticos+Tono gris medio f\u00e1cil de cubrir con fondo y&nbsp; que evita el sangrado.+Excelente adherencia a superficies pl\u00e1sticas&nbsp; (sin necesidad de promotores de adherencia)+R\u00e1pido tiempo de secado y curado (20 a 30&nbsp; min.) *2-3% dependiendo de la temperatura&nbsp; [&hellip;]<\/p>","protected":false},"author":1,"featured_media":0,"parent":0,"menu_order":0,"comment_status":"closed","ping_status":"closed","template":"templates\/template-full-width.php","meta":{"om_disable_all_campaigns":false,"_monsterinsights_skip_tracking":false,"_monsterinsights_sitenote_active":false,"_monsterinsights_sitenote_note":"","_monsterinsights_sitenote_category":0,"footnotes":""},"class_list":["post-362","page","type-page","status-publish","hentry"],"aioseo_notices":[],"_links":{"self":[{"href":"https:\/\/koverbond.com\/en\/wp-json\/wp\/v2\/pages\/362","targetHints":{"allow":["GET"]}}],"collection":[{"href":"https:\/\/koverbond.com\/en\/wp-json\/wp\/v2\/pages"}],"about":[{"href":"https:\/\/koverbond.com\/en\/wp-json\/wp\/v2\/types\/page"}],"author":[{"embeddable":true,"href":"https:\/\/koverbond.com\/en\/wp-json\/wp\/v2\/users\/1"}],"replies":[{"embeddable":true,"href":"https:\/\/koverbond.com\/en\/wp-json\/wp\/v2\/comments?post=362"}],"version-history":[{"count":6,"href":"https:\/\/koverbond.com\/en\/wp-json\/wp\/v2\/pages\/362\/revisions"}],"predecessor-version":[{"id":377,"href":"https:\/\/koverbond.com\/en\/wp-json\/wp\/v2\/pages\/362\/revisions\/377"}],"wp:attachment":[{"href":"https:\/\/koverbond.com\/en\/wp-json\/wp\/v2\/media?parent=362"}],"curies":[{"name":"wp","href":"https:\/\/api.w.org\/{rel}","templated":true}]}}