{"id":383,"date":"2022-09-07T16:29:51","date_gmt":"2022-09-07T16:29:51","guid":{"rendered":"https:\/\/koverbond.com\/?page_id=383"},"modified":"2022-09-07T18:05:53","modified_gmt":"2022-09-07T18:05:53","slug":"power-fiber","status":"publish","type":"page","link":"https:\/\/koverbond.com\/en\/power-fiber\/","title":{"rendered":"POWER FIBER"},"content":{"rendered":"<div class=\"vce-row-container\" data-vce-boxed-width=\"true\"><div class=\"vce-row vce-row--col-gap-30 vce-row-equal-height vce-row-content--top\" id=\"el-924b1dc5\" data-vce-do-apply=\"all el-924b1dc5\"><div class=\"vce-row-content\" data-vce-element-content=\"true\"><div class=\"vce-col vce-col--md-auto vce-col--xs-1 vce-col--xs-last vce-col--xs-first vce-col--sm-last vce-col--sm-first vce-col--md-last vce-col--lg-last vce-col--xl-last vce-col--md-first vce-col--lg-first vce-col--xl-first\" id=\"el-74d92598\"><div class=\"vce-col-inner\" data-vce-do-apply=\"border margin background  el-74d92598\"><div class=\"vce-col-content\" data-vce-element-content=\"true\" data-vce-do-apply=\"padding el-74d92598\"><div class=\"vce-text-block\"><div class=\"vce-text-block-wrapper vce\" id=\"el-343637fb\" data-vce-do-apply=\"all el-343637fb\"><h3 style=\"text-align: center;\">Reparador para Fibra de Vidrio y SMC<\/h3><\/div><\/div><\/div><\/div><\/div><\/div><\/div><\/div><div class=\"vce-row-container\" data-vce-boxed-width=\"true\"><div class=\"vce-row vce-row--col-gap-30 vce-row-equal-height vce-row-content--top\" id=\"el-555ab6db\" data-vce-do-apply=\"all el-555ab6db\"><div class=\"vce-row-content\" data-vce-element-content=\"true\"><div class=\"vce-col vce-col--md-auto vce-col--xs-1 vce-col--xs-last vce-col--xs-first vce-col--sm-last vce-col--sm-first vce-col--md-first vce-col--lg-first vce-col--xl-first\" id=\"el-ebf0dc7c\"><div class=\"vce-col-inner\" data-vce-do-apply=\"border margin background  el-ebf0dc7c\"><div class=\"vce-col-content\" data-vce-element-content=\"true\" data-vce-do-apply=\"padding el-ebf0dc7c\"><div class=\"vce-single-image-container vce-single-image--align-center\"><div class=\"vce vce-single-image-wrapper\" id=\"el-6985d141\" data-vce-do-apply=\"all el-6985d141\"><figure><div class=\"vce-single-image-figure-inner\" style=\"width: 1024px;\"><div class=\"vce-single-image-inner vce-single-image--absolute\" style=\"width: 100%; padding-bottom: 100%;\"><img fetchpriority=\"high\" decoding=\"async\" class=\"vce-single-image\"  width=\"1024\" height=\"1024\" srcset=\"https:\/\/koverbond.com\/wp-content\/uploads\/2022\/09\/POWER_FIBER_05_1-1024x1024.jpg 1024w, https:\/\/koverbond.com\/wp-content\/uploads\/2022\/09\/POWER_FIBER_05_1-320x320.jpg 320w, https:\/\/koverbond.com\/wp-content\/uploads\/2022\/09\/POWER_FIBER_05_1-480x480.jpg 480w, https:\/\/koverbond.com\/wp-content\/uploads\/2022\/09\/POWER_FIBER_05_1-800x800.jpg 800w\" src=\"https:\/\/koverbond.com\/wp-content\/uploads\/2022\/09\/POWER_FIBER_05_1-1024x1024.jpg\" data-img-src=\"https:\/\/koverbond.com\/wp-content\/uploads\/2022\/09\/POWER_FIBER_05_1.jpg\" data-attachment-id=\"386\"  alt=\"\" title=\"POWER_FIBER_05_1\" \/><\/div><\/div><figcaption hidden=\"\"><\/figcaption><\/figure><\/div><\/div><\/div><\/div><\/div><div class=\"vce-col vce-col--md-auto vce-col--xs-1 vce-col--xs-last vce-col--xs-first vce-col--sm-last vce-col--sm-first vce-col--md-last vce-col--lg-last vce-col--xl-last\" id=\"el-e4bea813\"><div class=\"vce-col-inner\" data-vce-do-apply=\"border margin background  el-e4bea813\"><div class=\"vce-col-content\" data-vce-element-content=\"true\" data-vce-do-apply=\"padding el-e4bea813\"><div class=\"vce-text-block\"><div class=\"vce-text-block-wrapper vce\" id=\"el-aa1fa2c3\" data-vce-do-apply=\"all el-aa1fa2c3\"><h3><span style=\"font-family: arial, helvetica, sans-serif;\">POWER FIBER ofrece:<\/span><\/h3>\n<p><span style=\"font-family: arial, helvetica, sans-serif;\">+Excelente refuerzo basado en una cuidadosa selecci\u00f3n de fibras de <\/span><span style=\"font-family: arial, helvetica, sans-serif;\">ingenier\u00eda<br><\/span><br><span style=\"font-family: arial, helvetica, sans-serif;\">+Excelente adherencia a fibra de vidrio, SMC<\/span><span style=\"font-family: arial, helvetica, sans-serif;\">, RTM, Metton\u00ae, l\u00e1mina met\u00e1lica y oxidaciones en la misma.<br><\/span><br><span style=\"font-family: arial, helvetica, sans-serif;\">+Excelente resistencia al impacto<\/span><br><span style=\"font-family: arial, helvetica, sans-serif;\"><br>+Suavidad al lijado y no se recorre al lijar<\/span><br><span style=\"font-family: arial, helvetica, sans-serif;\"><br>+R\u00e1pido tiempo de secado y curado.<\/span><br><span style=\"font-family: arial, helvetica, sans-serif;\"><br>+Excelente maquinabilidad.<\/span><br><span style=\"font-family: arial, helvetica, sans-serif;\"><br>+Alta resistencia a la tensi\u00f3n y compresi\u00f3n<\/span><br><span style=\"font-family: arial, helvetica, sans-serif;\"><br><\/span><\/p><\/div><\/div><\/div><\/div><\/div><\/div><\/div><\/div><div class=\"vce-row-container\" data-vce-boxed-width=\"true\"><div class=\"vce-row vce-row--col-gap-30 vce-row-equal-height vce-row-content--top\" id=\"el-e3c73344\" data-vce-do-apply=\"all el-e3c73344\"><div class=\"vce-row-content\" data-vce-element-content=\"true\"><div class=\"vce-col vce-col--md-auto vce-col--xs-1 vce-col--xs-last vce-col--xs-first vce-col--sm-last vce-col--sm-first vce-col--md-last vce-col--lg-last vce-col--xl-last vce-col--md-first vce-col--lg-first vce-col--xl-first\" id=\"el-b200af60\"><div class=\"vce-col-inner\" data-vce-do-apply=\"border margin background  el-b200af60\"><div class=\"vce-col-content\" data-vce-element-content=\"true\" data-vce-do-apply=\"padding el-b200af60\"><div class=\"vce vce-separator-container vce-separator--align-center vce-separator--style-shadow\" id=\"el-d33019a7\" data-vce-do-apply=\"margin el-d33019a7\"><div class=\"vce-separator vce-separator--color-bfc0c1 vce-separator--width-100 vce-separator--thickness-5\" data-vce-do-apply=\"border padding background  el-d33019a7\"><div class=\"vce-separator-shadow vce-separator-shadow-left\"><\/div><div class=\"vce-separator-shadow vce-separator-shadow-right\"><\/div><\/div><\/div><\/div><\/div><\/div><\/div><\/div><\/div><div class=\"vce-row-container\" data-vce-boxed-width=\"true\"><div class=\"vce-row vce-row--col-gap-30 vce-row-equal-height vce-row-content--top\" id=\"el-d50f891a\" data-vce-do-apply=\"all el-d50f891a\"><div class=\"vce-row-content\" data-vce-element-content=\"true\"><div class=\"vce-col vce-col--md-auto vce-col--xs-1 vce-col--xs-last vce-col--xs-first vce-col--sm-last vce-col--sm-first vce-col--md-last vce-col--lg-last vce-col--xl-last vce-col--md-first vce-col--lg-first vce-col--xl-first\" id=\"el-b77f18d3\"><div class=\"vce-col-inner\" data-vce-do-apply=\"border margin background  el-b77f18d3\"><div class=\"vce-col-content\" data-vce-element-content=\"true\" data-vce-do-apply=\"padding el-b77f18d3\"><div class=\"vce-text-block\"><div class=\"vce-text-block-wrapper vce\" id=\"el-355666d5\" data-vce-do-apply=\"all el-355666d5\"><h2 style=\"text-align: center;\">POWER FIBER en acci\u00f3n<\/h2><\/div><\/div><div class=\"vce-yt-video-player vce-yt-video-player--align-center vce-yt-video-player--size-560x315\"><div class=\"vce vce-yt-video-player-wrapper\" id=\"el-840152e6\" data-vce-do-apply=\"all el-840152e6\" style=\"width: 560px;\"><div class=\"vce-yt-video-player-inner\"><iframe class=\"vce-yt-video-player-iframe\" src=\"https:\/\/www.youtube.com\/embed\/7IR3vBq-nlc?autoplay=0&amp;mute=0&amp;color=red&amp;controls=1&amp;loop=0&amp;rel=0&amp;start=0&amp;cc_load_policy=0&amp;iv_load_policy=3&amp;enablejsapi=1\" width=\"640\" height=\"390\" allowfullscreen=\"\" title=\"YouTube video\"><\/iframe><\/div><\/div><\/div><\/div><\/div><\/div><\/div><\/div><\/div><div class=\"vce-row-container\" data-vce-boxed-width=\"true\"><div class=\"vce-row vce-row--col-gap-30 vce-row-equal-height vce-row-content--top\" id=\"el-baec5822\" data-vce-do-apply=\"all el-baec5822\"><div class=\"vce-row-content\" data-vce-element-content=\"true\"><div class=\"vce-col vce-col--md-auto vce-col--xs-1 vce-col--xs-last vce-col--xs-first vce-col--sm-last vce-col--sm-first vce-col--md-last vce-col--lg-last vce-col--xl-last vce-col--md-first vce-col--lg-first vce-col--xl-first\" id=\"el-0c5078bf\"><div class=\"vce-col-inner\" data-vce-do-apply=\"border margin background  el-0c5078bf\"><div class=\"vce-col-content\" data-vce-element-content=\"true\" data-vce-do-apply=\"padding el-0c5078bf\"><div class=\"vce-text-block\"><div class=\"vce-text-block-wrapper vce\" id=\"el-78ef7979\" data-vce-do-apply=\"all el-78ef7979\"><h2 style=\"text-align: center;\">Descarga la ficha t\u00e9cnica<\/h2><\/div><\/div><\/div><\/div><\/div><\/div><\/div><\/div><div class=\"vce-row-container\" data-vce-boxed-width=\"true\"><div class=\"vce-row vce-row--col-gap-30 vce-row-equal-height vce-row-content--top\" id=\"el-74dbda0c\" data-vce-do-apply=\"all el-74dbda0c\"><div class=\"vce-row-content\" data-vce-element-content=\"true\"><div class=\"vce-col vce-col--md-auto vce-col--xs-1 vce-col--xs-last vce-col--xs-first vce-col--sm-last vce-col--sm-first vce-col--md-last vce-col--lg-last vce-col--xl-last vce-col--md-first vce-col--lg-first vce-col--xl-first\" id=\"el-250a7ba2\"><div class=\"vce-col-inner\" data-vce-do-apply=\"border margin background  el-250a7ba2\"><div class=\"vce-col-content\" data-vce-element-content=\"true\" data-vce-do-apply=\"padding el-250a7ba2\"><div class=\"vce-features vce-var-icon vce-features--style-filled-circle vce-features--size-large\" style=\"--text-align:center; --iconColor:#fff; --iconColorHover:#fff; --shapeColor:rgb(255, 105, 0); --shapeColorHover:rgb(255, 105, 0); --linkColorHover:rgb(228,94,0);\"><div id=\"el-544aa1c6\" class=\"vce vce-features-icon-wrapper\" data-vce-do-apply=\"all el-544aa1c6\"><a class=\"vce-features--icon vce-icon\" href=\"https:\/\/koverbond.com\/wp-content\/uploads\/2022\/09\/FichaTecnicaPOWER-FIBER.pdf\" title=\"\" target=\"_blank\" rel=\"noopener\"><svg xmlns=\"https:\/\/www.w3.org\/2000\/svg\" viewbox=\"0 0 769 769\"><path stroke-width=\"25\" d=\"M565.755 696.27h-360l-180-311.77 180-311.77h360l180 311.77z\"><\/path><\/svg><span class=\"vce-icon-container fas fa-file-alt\"><\/span><\/a><\/div><\/div><\/div><\/div><\/div><\/div><\/div><\/div>","protected":false},"excerpt":{"rendered":"<p>Reparador para Fibra de Vidrio y SMCPOWER FIBER ofrece: +Excelente refuerzo basado en una cuidadosa selecci\u00f3n de fibras de ingenier\u00eda+Excelente adherencia a fibra de vidrio, SMC, RTM, Metton\u00ae, l\u00e1mina met\u00e1lica y oxidaciones en la misma.+Excelente resistencia al impacto+Suavidad al lijado y no se recorre al lijar+R\u00e1pido tiempo de secado y curado.+Excelente maquinabilidad.+Alta resistencia a la [&hellip;]<\/p>","protected":false},"author":1,"featured_media":0,"parent":0,"menu_order":0,"comment_status":"closed","ping_status":"closed","template":"templates\/template-full-width.php","meta":{"om_disable_all_campaigns":false,"_monsterinsights_skip_tracking":false,"_monsterinsights_sitenote_active":false,"_monsterinsights_sitenote_note":"","_monsterinsights_sitenote_category":0,"footnotes":""},"class_list":["post-383","page","type-page","status-publish","hentry"],"aioseo_notices":[],"_links":{"self":[{"href":"https:\/\/koverbond.com\/en\/wp-json\/wp\/v2\/pages\/383","targetHints":{"allow":["GET"]}}],"collection":[{"href":"https:\/\/koverbond.com\/en\/wp-json\/wp\/v2\/pages"}],"about":[{"href":"https:\/\/koverbond.com\/en\/wp-json\/wp\/v2\/types\/page"}],"author":[{"embeddable":true,"href":"https:\/\/koverbond.com\/en\/wp-json\/wp\/v2\/users\/1"}],"replies":[{"embeddable":true,"href":"https:\/\/koverbond.com\/en\/wp-json\/wp\/v2\/comments?post=383"}],"version-history":[{"count":6,"href":"https:\/\/koverbond.com\/en\/wp-json\/wp\/v2\/pages\/383\/revisions"}],"predecessor-version":[{"id":391,"href":"https:\/\/koverbond.com\/en\/wp-json\/wp\/v2\/pages\/383\/revisions\/391"}],"wp:attachment":[{"href":"https:\/\/koverbond.com\/en\/wp-json\/wp\/v2\/media?parent=383"}],"curies":[{"name":"wp","href":"https:\/\/api.w.org\/{rel}","templated":true}]}}