{"id":393,"date":"2022-09-07T18:48:12","date_gmt":"2022-09-07T18:48:12","guid":{"rendered":"https:\/\/koverbond.com\/?page_id=393"},"modified":"2022-09-10T15:18:16","modified_gmt":"2022-09-10T15:18:16","slug":"re-vive","status":"publish","type":"page","link":"https:\/\/koverbond.com\/en\/re-vive\/","title":{"rendered":"RE-VIVE"},"content":{"rendered":"<div class=\"vce-row-container\" data-vce-boxed-width=\"true\"><div class=\"vce-row vce-row--col-gap-30 vce-row-equal-height vce-row-content--top\" id=\"el-707e0b1b\" data-vce-do-apply=\"all el-707e0b1b\"><div class=\"vce-row-content\" data-vce-element-content=\"true\"><div class=\"vce-col vce-col--md-auto vce-col--xs-1 vce-col--xs-last vce-col--xs-first vce-col--sm-last vce-col--sm-first vce-col--md-last vce-col--lg-last vce-col--xl-last vce-col--md-first vce-col--lg-first vce-col--xl-first\" id=\"el-63e19d2f\"><div class=\"vce-col-inner\" data-vce-do-apply=\"border margin background  el-63e19d2f\"><div class=\"vce-col-content\" data-vce-element-content=\"true\" data-vce-do-apply=\"padding el-63e19d2f\"><div class=\"vce-text-block\"><div class=\"vce-text-block-wrapper vce\" id=\"el-b7692a90\" data-vce-do-apply=\"all el-b7692a90\"><h3 style=\"text-align: center;\">Soluci\u00f3n de Resinas Hidratante<\/h3><\/div><\/div><\/div><\/div><\/div><\/div><\/div><\/div><div class=\"vce-row-container\" data-vce-boxed-width=\"true\"><div class=\"vce-row vce-row--col-gap-30 vce-row-equal-height vce-row-content--top\" id=\"el-32cd7223\" data-vce-do-apply=\"all el-32cd7223\"><div class=\"vce-row-content\" data-vce-element-content=\"true\"><div class=\"vce-col vce-col--md-auto vce-col--xs-1 vce-col--xs-last vce-col--xs-first vce-col--sm-last vce-col--sm-first vce-col--md-first vce-col--lg-first vce-col--xl-first\" id=\"el-d136b0da\"><div class=\"vce-col-inner\" data-vce-do-apply=\"border margin background  el-d136b0da\"><div class=\"vce-col-content\" data-vce-element-content=\"true\" data-vce-do-apply=\"padding el-d136b0da\"><div class=\"vce-single-image-container vce-single-image--align-center\"><div class=\"vce vce-single-image-wrapper\" id=\"el-5d04e6a6\" data-vce-do-apply=\"all el-5d04e6a6\"><figure><div class=\"vce-single-image-figure-inner\" style=\"width: 1024px;\"><div class=\"vce-single-image-inner vce-single-image--absolute\" style=\"width: 100%; padding-bottom: 100%;\"><img fetchpriority=\"high\" decoding=\"async\" class=\"vce-single-image\"  width=\"1024\" height=\"1024\" srcset=\"https:\/\/koverbond.com\/wp-content\/uploads\/2022\/09\/RE-VIVE_1-1024x1024.jpg 1024w, https:\/\/koverbond.com\/wp-content\/uploads\/2022\/09\/RE-VIVE_1-320x320.jpg 320w, https:\/\/koverbond.com\/wp-content\/uploads\/2022\/09\/RE-VIVE_1-480x480.jpg 480w, https:\/\/koverbond.com\/wp-content\/uploads\/2022\/09\/RE-VIVE_1-800x800.jpg 800w\" src=\"https:\/\/koverbond.com\/wp-content\/uploads\/2022\/09\/RE-VIVE_1-1024x1024.jpg\" data-img-src=\"https:\/\/koverbond.com\/wp-content\/uploads\/2022\/09\/RE-VIVE_1.jpg\" data-attachment-id=\"396\"  alt=\"Una lata de 0.25 Lts. con una tapa roja, la etiqueta es blanca con una linea verde arriba y una linea naranja abajo, en el centro tiene el logo de KOVERBOND y la leyenda \"re-vive soluci\u00f3n de resinas hidratantes\"\" title=\"RE-VIVE_1\" \/><\/div><\/div><figcaption hidden=\"\"><\/figcaption><\/figure><\/div><\/div><\/div><\/div><\/div><div class=\"vce-col vce-col--md-auto vce-col--xs-1 vce-col--xs-last vce-col--xs-first vce-col--sm-last vce-col--sm-first vce-col--md-last vce-col--lg-last vce-col--xl-last\" id=\"el-dfea224c\"><div class=\"vce-col-inner\" data-vce-do-apply=\"border margin background  el-dfea224c\"><div class=\"vce-col-content\" data-vce-element-content=\"true\" data-vce-do-apply=\"padding el-dfea224c\"><div class=\"vce-text-block\"><div class=\"vce-text-block-wrapper vce\" id=\"el-2e671e29\" data-vce-do-apply=\"all el-2e671e29\"><h2>RE-VIVE ofrece:<\/h2><p><span style=\"font-family: arial, helvetica, sans-serif;\">+F\u00e1cil hidrataci\u00f3n de productos base resina poli\u00e9ster como pastas para resanar (resanadores) y para reparar (reparadores).<\/span><br><span style=\"font-family: arial, helvetica, sans-serif;\"><br>+Propiedades para adelgazar resanadores que necesitan recubrir superficies con capas delgadas para eliminar poros, rayas de lija y peque\u00f1os desniveles (ondulaciones).<\/span><br><span style=\"font-family: arial, helvetica, sans-serif;\"><br>+ Propiedades para diluir productos para que se usen en grietas que requieran ser rellenadas.<\/span><br><br><span style=\"font-family: arial, helvetica, sans-serif;\">+F\u00e1cil de homogeneizar con cualquier producto con base resina poli\u00e9ster<\/span><br><span style=\"font-family: arial, helvetica, sans-serif;\"><br><\/span><\/p><\/div><\/div><\/div><\/div><\/div><\/div><\/div><\/div><div class=\"vce-row-container\" data-vce-boxed-width=\"true\"><div class=\"vce-row vce-row--col-gap-30 vce-row-equal-height vce-row-content--top\" id=\"el-a4789934\" data-vce-do-apply=\"all el-a4789934\"><div class=\"vce-row-content\" data-vce-element-content=\"true\"><div class=\"vce-col vce-col--md-auto vce-col--xs-1 vce-col--xs-last vce-col--xs-first vce-col--sm-last vce-col--sm-first vce-col--md-last vce-col--lg-last vce-col--xl-last vce-col--md-first vce-col--lg-first vce-col--xl-first\" id=\"el-d2d71911\"><div class=\"vce-col-inner\" data-vce-do-apply=\"border margin background  el-d2d71911\"><div class=\"vce-col-content\" data-vce-element-content=\"true\" data-vce-do-apply=\"padding el-d2d71911\"><div class=\"vce vce-separator-container vce-separator--align-center vce-separator--style-shadow\" id=\"el-80f59106\" data-vce-do-apply=\"margin el-80f59106\"><div class=\"vce-separator vce-separator--color-bfc0c1 vce-separator--width-100 vce-separator--thickness-5\" data-vce-do-apply=\"border padding background  el-80f59106\"><div class=\"vce-separator-shadow vce-separator-shadow-left\"><\/div><div class=\"vce-separator-shadow vce-separator-shadow-right\"><\/div><\/div><\/div><\/div><\/div><\/div><\/div><\/div><\/div><div class=\"vce-row-container\" data-vce-boxed-width=\"true\"><div class=\"vce-row vce-row--col-gap-30 vce-row-equal-height vce-row-content--top\" id=\"el-57702734\" data-vce-do-apply=\"all el-57702734\"><div class=\"vce-row-content\" data-vce-element-content=\"true\"><div class=\"vce-col vce-col--md-auto vce-col--xs-1 vce-col--xs-last vce-col--xs-first vce-col--sm-last vce-col--sm-first vce-col--md-last vce-col--lg-last vce-col--xl-last vce-col--md-first vce-col--lg-first vce-col--xl-first\" id=\"el-4bf2aff3\"><div class=\"vce-col-inner\" data-vce-do-apply=\"border margin background  el-4bf2aff3\"><div class=\"vce-col-content\" data-vce-element-content=\"true\" data-vce-do-apply=\"padding el-4bf2aff3\"><div class=\"vce-text-block\"><div class=\"vce-text-block-wrapper vce\" id=\"el-5fe2bd72\" data-vce-do-apply=\"all el-5fe2bd72\"><h3 style=\"text-align: center;\">Descarga la ficha t\u00e9cnica<\/h3><\/div><\/div><\/div><\/div><\/div><\/div><\/div><\/div><div class=\"vce-row-container\" data-vce-boxed-width=\"true\"><div class=\"vce-row vce-row--col-gap-30 vce-row-equal-height vce-row-content--top\" id=\"el-acd93f0d\" data-vce-do-apply=\"all el-acd93f0d\"><div class=\"vce-row-content\" data-vce-element-content=\"true\"><div class=\"vce-col vce-col--md-auto vce-col--xs-1 vce-col--xs-last vce-col--xs-first vce-col--sm-last vce-col--sm-first vce-col--md-last vce-col--lg-last vce-col--xl-last vce-col--md-first vce-col--lg-first vce-col--xl-first\" id=\"el-4d6d961f\"><div class=\"vce-col-inner\" data-vce-do-apply=\"border margin background  el-4d6d961f\"><div class=\"vce-col-content\" data-vce-element-content=\"true\" data-vce-do-apply=\"padding el-4d6d961f\"><div class=\"vce-features vce-var-icon vce-features--style-filled-circle vce-features--size-large\" style=\"--text-align:center; --iconColor:#fff; --iconColorHover:#fff; --shapeColor:rgb(255, 105, 0); --shapeColorHover:rgb(255, 105, 0); --linkColorHover:rgb(228,94,0);\"><div id=\"el-b85746ac\" class=\"vce vce-features-icon-wrapper\" data-vce-do-apply=\"all el-b85746ac\"><a class=\"vce-features--icon vce-icon\" href=\"https:\/\/koverbond.com\/wp-content\/uploads\/2022\/09\/FichaTecnicaRE-VIVE_Nov17_2018.pdf\" title=\"\" target=\"_blank\" rel=\"noopener\"><svg xmlns=\"https:\/\/www.w3.org\/2000\/svg\" viewbox=\"0 0 769 769\"><path stroke-width=\"25\" d=\"M565.755 696.27h-360l-180-311.77 180-311.77h360l180 311.77z\"><\/path><\/svg><span class=\"vce-icon-container fas fa-file-alt\"><\/span><\/a><\/div><\/div><\/div><\/div><\/div><\/div><\/div><\/div>","protected":false},"excerpt":{"rendered":"<p>Soluci\u00f3n de Resinas HidratanteRE-VIVE ofrece:+F\u00e1cil hidrataci\u00f3n de productos base resina poli\u00e9ster como pastas para resanar (resanadores) y para reparar (reparadores).+Propiedades para adelgazar resanadores que necesitan recubrir superficies con capas delgadas para eliminar poros, rayas de lija y peque\u00f1os desniveles (ondulaciones).+ Propiedades para diluir productos para que se usen en grietas que requieran ser rellenadas.+F\u00e1cil de [&hellip;]<\/p>","protected":false},"author":1,"featured_media":0,"parent":0,"menu_order":0,"comment_status":"closed","ping_status":"closed","template":"templates\/template-full-width.php","meta":{"om_disable_all_campaigns":false,"_monsterinsights_skip_tracking":false,"_monsterinsights_sitenote_active":false,"_monsterinsights_sitenote_note":"","_monsterinsights_sitenote_category":0,"footnotes":""},"class_list":["post-393","page","type-page","status-publish","hentry"],"aioseo_notices":[],"_links":{"self":[{"href":"https:\/\/koverbond.com\/en\/wp-json\/wp\/v2\/pages\/393","targetHints":{"allow":["GET"]}}],"collection":[{"href":"https:\/\/koverbond.com\/en\/wp-json\/wp\/v2\/pages"}],"about":[{"href":"https:\/\/koverbond.com\/en\/wp-json\/wp\/v2\/types\/page"}],"author":[{"embeddable":true,"href":"https:\/\/koverbond.com\/en\/wp-json\/wp\/v2\/users\/1"}],"replies":[{"embeddable":true,"href":"https:\/\/koverbond.com\/en\/wp-json\/wp\/v2\/comments?post=393"}],"version-history":[{"count":3,"href":"https:\/\/koverbond.com\/en\/wp-json\/wp\/v2\/pages\/393\/revisions"}],"predecessor-version":[{"id":398,"href":"https:\/\/koverbond.com\/en\/wp-json\/wp\/v2\/pages\/393\/revisions\/398"}],"wp:attachment":[{"href":"https:\/\/koverbond.com\/en\/wp-json\/wp\/v2\/media?parent=393"}],"curies":[{"name":"wp","href":"https:\/\/api.w.org\/{rel}","templated":true}]}}