{"id":541,"date":"2024-10-03T21:31:20","date_gmt":"2024-10-03T21:31:20","guid":{"rendered":"https:\/\/koverbond.com\/?page_id=541"},"modified":"2024-10-03T21:49:53","modified_gmt":"2024-10-03T21:49:53","slug":"plastix-360","status":"publish","type":"page","link":"https:\/\/koverbond.com\/en\/plastix-360\/","title":{"rendered":"PLASTIX-360\u00b0"},"content":{"rendered":"<div class=\"vce-row-container\" data-vce-boxed-width=\"true\"><div class=\"vce-row vce-row--col-gap-30 vce-row-equal-height vce-row-content--top\" id=\"el-19b10487\" data-vce-do-apply=\"all el-19b10487\"><div class=\"vce-row-content\" data-vce-element-content=\"true\"><div class=\"vce-col vce-col--md-auto vce-col--xs-1 vce-col--xs-last vce-col--xs-first vce-col--sm-last vce-col--sm-first vce-col--md-last vce-col--lg-last vce-col--xl-last vce-col--md-first vce-col--lg-first vce-col--xl-first\" id=\"el-8b459106\"><div class=\"vce-col-inner\" data-vce-do-apply=\"border margin background  el-8b459106\"><div class=\"vce-col-content\" data-vce-element-content=\"true\" data-vce-do-apply=\"padding el-8b459106\"><div class=\"vce-text-block\"><div class=\"vce-text-block-wrapper vce\" id=\"el-0aa2ff1b\" data-vce-do-apply=\"all el-0aa2ff1b\"><h2 style=\"text-align: center;\">Kit de Reparaci\u00f3n para Cualquier \u00c1ngulo<\/h2><\/div><\/div><\/div><\/div><\/div><\/div><\/div><\/div><div class=\"vce-row-container\" data-vce-boxed-width=\"true\"><div class=\"vce-row vce-row--col-gap-30 vce-row-equal-height vce-row-content--top\" id=\"el-36b10769\" data-vce-do-apply=\"all el-36b10769\"><div class=\"vce-row-content\" data-vce-element-content=\"true\"><div class=\"vce-col vce-col--md-auto vce-col--xs-1 vce-col--xs-last vce-col--xs-first vce-col--sm-last vce-col--sm-first vce-col--md-first vce-col--lg-first vce-col--xl-first\" id=\"el-9327f166\"><div class=\"vce-col-inner\" data-vce-do-apply=\"border margin background  el-9327f166\"><div class=\"vce-col-content\" data-vce-element-content=\"true\" data-vce-do-apply=\"padding el-9327f166\"><div class=\"vce-text-block\"><div class=\"vce-text-block-wrapper vce\" id=\"el-3ed9edef\" data-vce-do-apply=\"all el-3ed9edef\"><p>&nbsp;<\/p>\n<p>&nbsp;<\/p>\n<p><span style=\"font-family: arial, helvetica, sans-serif; font-size: 14pt;\"><b><span lang=\"ES-MX\">PLASTIX-360\u00b0<\/span><\/b><span lang=\"ES-MX\">&nbsp;es un kit de adhesivo que en unos segundos puede lograr reparaciones r\u00e1pidas. Logra una soldadura qu\u00edmica instant\u00e1nea en la mayor\u00eda de los pl\u00e1sticos, metales, as\u00ed como hule, madera e inclusive vidrio.<\/span><\/span><\/p>\n<p><span lang=\"ES-MX\" style=\"font-family: arial, helvetica, sans-serif; font-size: 14pt;\">Gracias a su formula de activaci\u00f3n retardada puede aplicarse desde cualquier \u00e1ngulo con ayuda de un celof\u00e1n transportador.<\/span><\/p>\n<p><span lang=\"ES-MX\" style=\"font-family: arial, helvetica, sans-serif; font-size: 14pt;\">Olv\u00eddate de quitar y re acomodar piezas, realiza tus reparaciones sin desmontar nada.<\/span><\/p>\n<p><span lang=\"ES-MX\" style=\"font-family: arial, helvetica, sans-serif; font-size: 14pt;\"><strong>Advertencia:<\/strong>&nbsp;Para asegurar su m\u00e1ximo funcionamiento, aseg\u00farese de conservar el producto cerrado en un lugar fresco.<\/span><\/p><\/div><\/div><\/div><\/div><\/div><div class=\"vce-col vce-col--md-auto vce-col--xs-1 vce-col--xs-last vce-col--xs-first vce-col--sm-last vce-col--sm-first vce-col--md-last vce-col--lg-last vce-col--xl-last\" id=\"el-d9a90c3b\"><div class=\"vce-col-inner\" data-vce-do-apply=\"border margin background  el-d9a90c3b\"><div class=\"vce-col-content\" data-vce-element-content=\"true\" data-vce-do-apply=\"padding el-d9a90c3b\"><div class=\"vce-single-image-container vce-single-image--align-left\"><div class=\"vce vce-single-image-wrapper\" id=\"el-cc08a11a\" data-vce-do-apply=\"all el-cc08a11a\"><figure><div class=\"vce-single-image-figure-inner\" style=\"width: 668px;\"><div class=\"vce-single-image-inner vce-single-image--absolute\" style=\"width: 100%; padding-bottom: 128.293%;\"><img fetchpriority=\"high\" decoding=\"async\" class=\"vce-single-image\"  width=\"668\" height=\"857\" srcset=\"https:\/\/koverbond.com\/wp-content\/uploads\/2024\/10\/Picture1-320x411.jpg 320w, https:\/\/koverbond.com\/wp-content\/uploads\/2024\/10\/Picture1-480x616.jpg 480w, https:\/\/koverbond.com\/wp-content\/uploads\/2024\/10\/Picture1-668x857.jpg 668w\" src=\"https:\/\/koverbond.com\/wp-content\/uploads\/2024\/10\/Picture1-668x857.jpg\" data-img-src=\"https:\/\/koverbond.com\/wp-content\/uploads\/2024\/10\/Picture1.jpg\" data-attachment-id=\"538\"  alt=\"\" title=\"Picture1\" \/><\/div><\/div><figcaption hidden=\"\"><\/figcaption><\/figure><\/div><\/div><\/div><\/div><\/div><\/div><\/div><\/div><div class=\"vce-row-container\" data-vce-boxed-width=\"true\"><div class=\"vce-row vce-row--col-gap-30 vce-row-equal-height vce-row-content--top\" id=\"el-82e29d3c\" data-vce-do-apply=\"all el-82e29d3c\"><div class=\"vce-row-content\" data-vce-element-content=\"true\"><div class=\"vce-col vce-col--md-auto vce-col--xs-1 vce-col--xs-last vce-col--xs-first vce-col--sm-last vce-col--sm-first vce-col--md-last vce-col--lg-last vce-col--xl-last vce-col--md-first vce-col--lg-first vce-col--xl-first\" id=\"el-a2aaf765\"><div class=\"vce-col-inner\" data-vce-do-apply=\"border margin background  el-a2aaf765\"><div class=\"vce-col-content\" data-vce-element-content=\"true\" data-vce-do-apply=\"padding el-a2aaf765\"><div class=\"vce-text-block\"><div class=\"vce-text-block-wrapper vce\" id=\"el-33ae03a1\" data-vce-do-apply=\"all el-33ae03a1\"><h2 style=\"text-align: center;\">Mira al PLASTIX-360\u00b0 en Acci\u00f3n<\/h2><\/div><\/div><\/div><\/div><\/div><\/div><\/div><\/div><div class=\"vce-row-container\" data-vce-boxed-width=\"true\"><div class=\"vce-row vce-row--col-gap-30 vce-row-equal-height vce-row-content--top\" id=\"el-4bf900bf\" data-vce-do-apply=\"all el-4bf900bf\"><div class=\"vce-row-content\" data-vce-element-content=\"true\"><div class=\"vce-col vce-col--md-auto vce-col--xs-1 vce-col--xs-last vce-col--xs-first vce-col--sm-last vce-col--sm-first vce-col--md-first vce-col--lg-first vce-col--xl-first\" id=\"el-d96f0836\"><div class=\"vce-col-inner\" data-vce-do-apply=\"border margin background  el-d96f0836\"><div class=\"vce-col-content\" data-vce-element-content=\"true\" data-vce-do-apply=\"padding el-d96f0836\"><div class=\"vce-yt-video-player vce-yt-video-player--align-left vce-yt-video-player--size-560x315\"><div class=\"vce vce-yt-video-player-wrapper\" id=\"el-bbee31cb\" data-vce-do-apply=\"all el-bbee31cb\" style=\"width: 560px;\"><div class=\"vce-yt-video-player-inner\"><iframe class=\"vce-yt-video-player-iframe\" src=\"https:\/\/www.youtube.com\/embed\/VRUsHP0rvOY?autoplay=0&amp;mute=0&amp;color=red&amp;controls=1&amp;loop=0&amp;rel=1&amp;start=0&amp;cc_load_policy=0&amp;iv_load_policy=3&amp;enablejsapi=1\" width=\"640\" height=\"390\" allowfullscreen=\"\" title=\"YouTube video\"><\/iframe><\/div><\/div><\/div><\/div><\/div><\/div><div class=\"vce-col vce-col--md-auto vce-col--xs-1 vce-col--xs-last vce-col--xs-first vce-col--sm-last vce-col--sm-first vce-col--md-last vce-col--lg-last vce-col--xl-last\" id=\"el-0da72cf2\"><div class=\"vce-col-inner\" data-vce-do-apply=\"border margin background  el-0da72cf2\"><div class=\"vce-col-content\" data-vce-element-content=\"true\" data-vce-do-apply=\"padding el-0da72cf2\"><div class=\"vce-single-image-container vce-single-image--align-left\"><div class=\"vce vce-single-image-wrapper\" id=\"el-7fe346b3\" data-vce-do-apply=\"all el-7fe346b3\"><figure><div class=\"vce-single-image-figure-inner\" style=\"width: 454px;\"><div class=\"vce-single-image-inner vce-single-image--absolute\" style=\"width: 100%; padding-bottom: 56.3877%;\"><img decoding=\"async\" class=\"vce-single-image\"  width=\"454\" height=\"256\" srcset=\"https:\/\/koverbond.com\/wp-content\/uploads\/2024\/10\/PLASTIX-360_GIF_-320x180.gif 320w, https:\/\/koverbond.com\/wp-content\/uploads\/2024\/10\/PLASTIX-360_GIF_-454x256.gif 454w\" src=\"https:\/\/koverbond.com\/wp-content\/uploads\/2024\/10\/PLASTIX-360_GIF_-454x256.gif\" data-img-src=\"https:\/\/koverbond.com\/wp-content\/uploads\/2024\/10\/PLASTIX-360_GIF_.gif\" data-attachment-id=\"545\"  alt=\"\" title=\"PLASTIX-360_GIF_\" \/><\/div><\/div><figcaption hidden=\"\"><\/figcaption><\/figure><\/div><\/div><\/div><\/div><\/div><\/div><\/div><\/div><div class=\"vce-row-container\" data-vce-boxed-width=\"true\"><div class=\"vce-row vce-row--col-gap-30 vce-row-equal-height vce-row-content--top\" id=\"el-ad820db5\" data-vce-do-apply=\"all el-ad820db5\"><div class=\"vce-row-content\" data-vce-element-content=\"true\"><div class=\"vce-col vce-col--md-auto vce-col--xs-1 vce-col--xs-last vce-col--xs-first vce-col--sm-last vce-col--sm-first vce-col--md-first vce-col--lg-first vce-col--xl-first\" id=\"el-15a52728\"><div class=\"vce-col-inner\" data-vce-do-apply=\"border margin background  el-15a52728\"><div class=\"vce-col-content\" data-vce-element-content=\"true\" data-vce-do-apply=\"padding el-15a52728\"><div class=\"vce-text-block\"><div class=\"vce-text-block-wrapper vce\" id=\"el-22415bc1\" data-vce-do-apply=\"all el-22415bc1\"><h2>Descarga la Ficha T\u00e9cnica<\/h2><\/div><\/div><\/div><\/div><\/div><div class=\"vce-col vce-col--md-auto vce-col--xs-1 vce-col--xs-last vce-col--xs-first vce-col--sm-last vce-col--sm-first vce-col--md-last vce-col--lg-last vce-col--xl-last\" id=\"el-83c5723f\"><div class=\"vce-col-inner\" data-vce-do-apply=\"border margin background  el-83c5723f\"><div class=\"vce-col-content\" data-vce-element-content=\"true\" data-vce-do-apply=\"padding el-83c5723f\"><div class=\"vce-features vce-var-icon vce-features--style-filled-circle vce-features--size-large\" style=\"--iconAlignment: center; --iconColor: #fff; --iconColorHover: #fff; --shapeColor: rgb(255, 105, 0); --shapeColorHover: rgb(255, 105, 0); --linkColorHover: rgb(228,94,0);\"><div id=\"el-f3357041\" class=\"vce vce-features-icon-wrapper\" data-vce-do-apply=\"all el-f3357041\"><a class=\"vce-features--icon vce-icon\" href=\"https:\/\/koverbond.com\/wp-content\/uploads\/2024\/10\/FichaTecnicaPLASTIX-360_2024.pdf\" title=\"PLASTIX-360\u00b0 Ficha T\u00e9cnica\" target=\"_blank\" rel=\"noopener\"><svg xmlns=\"https:\/\/www.w3.org\/2000\/svg\" viewbox=\"0 0 769 769\"><path stroke-width=\"25\" d=\"M565.755 696.27h-360l-180-311.77 180-311.77h360l180 311.77z\"><\/path><\/svg><span class=\"vce-icon-container fas fa-file-alt\"><\/span><\/a><\/div><\/div><\/div><\/div><\/div><\/div><\/div><\/div>","protected":false},"excerpt":{"rendered":"<p>Kit de Reparaci\u00f3n para Cualquier \u00c1ngulo&nbsp; &nbsp; PLASTIX-360\u00b0&nbsp;es un kit de adhesivo que en unos segundos puede lograr reparaciones r\u00e1pidas. Logra una soldadura qu\u00edmica instant\u00e1nea en la mayor\u00eda de los pl\u00e1sticos, metales, as\u00ed como hule, madera e inclusive vidrio. Gracias a su formula de activaci\u00f3n retardada puede aplicarse desde cualquier \u00e1ngulo con ayuda de un [&hellip;]<\/p>","protected":false},"author":1,"featured_media":0,"parent":0,"menu_order":0,"comment_status":"closed","ping_status":"closed","template":"templates\/template-full-width.php","meta":{"om_disable_all_campaigns":false,"_monsterinsights_skip_tracking":false,"_monsterinsights_sitenote_active":false,"_monsterinsights_sitenote_note":"","_monsterinsights_sitenote_category":0,"footnotes":""},"class_list":["post-541","page","type-page","status-publish","hentry"],"aioseo_notices":[],"_links":{"self":[{"href":"https:\/\/koverbond.com\/en\/wp-json\/wp\/v2\/pages\/541","targetHints":{"allow":["GET"]}}],"collection":[{"href":"https:\/\/koverbond.com\/en\/wp-json\/wp\/v2\/pages"}],"about":[{"href":"https:\/\/koverbond.com\/en\/wp-json\/wp\/v2\/types\/page"}],"author":[{"embeddable":true,"href":"https:\/\/koverbond.com\/en\/wp-json\/wp\/v2\/users\/1"}],"replies":[{"embeddable":true,"href":"https:\/\/koverbond.com\/en\/wp-json\/wp\/v2\/comments?post=541"}],"version-history":[{"count":3,"href":"https:\/\/koverbond.com\/en\/wp-json\/wp\/v2\/pages\/541\/revisions"}],"predecessor-version":[{"id":547,"href":"https:\/\/koverbond.com\/en\/wp-json\/wp\/v2\/pages\/541\/revisions\/547"}],"wp:attachment":[{"href":"https:\/\/koverbond.com\/en\/wp-json\/wp\/v2\/media?parent=541"}],"curies":[{"name":"wp","href":"https:\/\/api.w.org\/{rel}","templated":true}]}}