{"id":549,"date":"2024-10-03T22:13:18","date_gmt":"2024-10-03T22:13:18","guid":{"rendered":"https:\/\/koverbond.com\/?page_id=549"},"modified":"2024-10-03T22:13:40","modified_gmt":"2024-10-03T22:13:40","slug":"plastix-324","status":"publish","type":"page","link":"https:\/\/koverbond.com\/en\/plastix-324\/","title":{"rendered":"PLASTIX-324"},"content":{"rendered":"<div class=\"vce-row-container\" data-vce-boxed-width=\"true\"><div class=\"vce-row vce-row--col-gap-30 vce-row-equal-height vce-row-content--top\" id=\"el-7e0d8608\" data-vce-do-apply=\"all el-7e0d8608\"><div class=\"vce-row-content\" data-vce-element-content=\"true\"><div class=\"vce-col vce-col--md-auto vce-col--xs-1 vce-col--xs-last vce-col--xs-first vce-col--sm-last vce-col--sm-first vce-col--md-last vce-col--lg-last vce-col--xl-last vce-col--md-first vce-col--lg-first vce-col--xl-first\" id=\"el-3f68b5d4\"><div class=\"vce-col-inner\" data-vce-do-apply=\"border margin background  el-3f68b5d4\"><div class=\"vce-col-content\" data-vce-element-content=\"true\" data-vce-do-apply=\"padding el-3f68b5d4\"><div class=\"vce-single-image-container vce-single-image--align-left\"><div class=\"vce vce-single-image-wrapper\" id=\"el-b4457386\" data-vce-do-apply=\"all el-b4457386\"><figure><div class=\"vce-single-image-figure-inner\" style=\"width: 1024px;\"><div class=\"vce-single-image-inner vce-single-image--absolute\" style=\"width: 100%; padding-bottom: 56.25%;\"><img fetchpriority=\"high\" decoding=\"async\" class=\"vce-single-image\"  width=\"1024\" height=\"576\" srcset=\"https:\/\/koverbond.com\/wp-content\/uploads\/2024\/10\/PLASTIX-324_Modelo_1-1024x576.jpg 1024w, https:\/\/koverbond.com\/wp-content\/uploads\/2024\/10\/PLASTIX-324_Modelo_1-2048x1152.jpg 2x, https:\/\/koverbond.com\/wp-content\/uploads\/2024\/10\/PLASTIX-324_Modelo_1-320x180.jpg 320w, https:\/\/koverbond.com\/wp-content\/uploads\/2024\/10\/PLASTIX-324_Modelo_1-480x270.jpg 480w, https:\/\/koverbond.com\/wp-content\/uploads\/2024\/10\/PLASTIX-324_Modelo_1-800x450.jpg 800w\" src=\"https:\/\/koverbond.com\/wp-content\/uploads\/2024\/10\/PLASTIX-324_Modelo_1-1024x576.jpg\" data-img-src=\"https:\/\/koverbond.com\/wp-content\/uploads\/2024\/10\/PLASTIX-324_Modelo_1-scaled.jpg\" data-attachment-id=\"539\"  alt=\"\" title=\"PLASTIX-324_Modelo_1\" \/><\/div><\/div><figcaption hidden=\"\"><\/figcaption><\/figure><\/div><\/div><div class=\"vce-text-block\"><div class=\"vce-text-block-wrapper vce\" id=\"el-86d6f6f8\" data-vce-do-apply=\"all el-86d6f6f8\"><p><span style=\"font-family: arial, helvetica, sans-serif;\"><strong>\u00a1M\u00e1s producto para mas reparaciones!<\/strong><\/span><\/p><p><span style=\"font-family: arial, helvetica, sans-serif;\"><strong>PLASTIX-324<\/strong> es la misma f\u00f3rmula que ya conoces del PLASTIX-27&nbsp;en una presentaci\u00f3n para uso recurrente como en talleres o fabricas, cuenta con mas material empacado en una caja compacta.<\/span><\/p><p><span style=\"font-family: arial, helvetica, sans-serif;\"><strong>PLASTIX-324<\/strong> Incluye:&nbsp;<\/span><\/p><p><span style=\"font-family: arial, helvetica, sans-serif;\">-12 Goteros de Activador Instant\u00e1neo de 27 ml.<\/span><\/p><p><span style=\"font-family: arial, helvetica, sans-serif;\">-4 Tarros de Fibra de Reacci\u00f3n Inmeadiata&nbsp; &nbsp;de 72 ml<\/span><\/p><p><span style=\"font-family: arial, helvetica, sans-serif;\">-44 Mallas Autoadherible<\/span><\/p><p><span style=\"font-family: arial, helvetica, sans-serif;\">-4 Navajas de un filo<\/span><\/p><p><span style=\"font-family: arial, helvetica, sans-serif;\">-4 Palas Dosificadoras<\/span><\/p><p><span style=\"font-family: arial, helvetica, sans-serif;\">-12 &nbsp;Tiras de Lija grano #120<\/span><\/p><p><span style=\"font-family: arial, helvetica, sans-serif;\">PLASTIX es un kit de adhesivo instant\u00e1neo para reparaciones r\u00e1pidas. Logra una soldadura qu\u00edmica instant\u00e1nea en la mayor\u00eda de los pl\u00e1sticos, metales, as\u00ed como hule, madera e inclusive vidrio. Funciona como soldadura de punto o como un adhesivo estructural para pegar sujetadores, grapas, porta grapas, cejas y\/o soportes de faro. Puede ser lijado, desbastado, taladrado, torneado y pintado.<\/span><\/p><\/div><\/div><\/div><\/div><\/div><\/div><\/div><\/div>","protected":false},"excerpt":{"rendered":"<p>\u00a1M\u00e1s producto para mas reparaciones!PLASTIX-324 es la misma f\u00f3rmula que ya conoces del PLASTIX-27&nbsp;en una presentaci\u00f3n para uso recurrente como en talleres o fabricas, cuenta con mas material empacado en una caja compacta.PLASTIX-324 Incluye:&nbsp;-12 Goteros de Activador Instant\u00e1neo de 27 ml.-4 Tarros de Fibra de Reacci\u00f3n Inmeadiata&nbsp; &nbsp;de 72 ml-44 Mallas Autoadherible-4 Navajas de un [&hellip;]<\/p>","protected":false},"author":1,"featured_media":0,"parent":0,"menu_order":0,"comment_status":"closed","ping_status":"closed","template":"templates\/template-full-width.php","meta":{"om_disable_all_campaigns":false,"_monsterinsights_skip_tracking":false,"_monsterinsights_sitenote_active":false,"_monsterinsights_sitenote_note":"","_monsterinsights_sitenote_category":0,"footnotes":""},"class_list":["post-549","page","type-page","status-publish","hentry"],"aioseo_notices":[],"_links":{"self":[{"href":"https:\/\/koverbond.com\/en\/wp-json\/wp\/v2\/pages\/549","targetHints":{"allow":["GET"]}}],"collection":[{"href":"https:\/\/koverbond.com\/en\/wp-json\/wp\/v2\/pages"}],"about":[{"href":"https:\/\/koverbond.com\/en\/wp-json\/wp\/v2\/types\/page"}],"author":[{"embeddable":true,"href":"https:\/\/koverbond.com\/en\/wp-json\/wp\/v2\/users\/1"}],"replies":[{"embeddable":true,"href":"https:\/\/koverbond.com\/en\/wp-json\/wp\/v2\/comments?post=549"}],"version-history":[{"count":3,"href":"https:\/\/koverbond.com\/en\/wp-json\/wp\/v2\/pages\/549\/revisions"}],"predecessor-version":[{"id":552,"href":"https:\/\/koverbond.com\/en\/wp-json\/wp\/v2\/pages\/549\/revisions\/552"}],"wp:attachment":[{"href":"https:\/\/koverbond.com\/en\/wp-json\/wp\/v2\/media?parent=549"}],"curies":[{"name":"wp","href":"https:\/\/api.w.org\/{rel}","templated":true}]}}